{"id":1466,"date":"2020-10-09T09:26:28","date_gmt":"2020-10-09T07:26:28","guid":{"rendered":"https:\/\/jemmett.se\/hoviksnas\/?page_id=1466"},"modified":"2020-10-09T09:52:13","modified_gmt":"2020-10-09T07:52:13","slug":"uthyrningspolicy","status":"publish","type":"page","link":"https:\/\/jemmett.se\/hoviksnas\/uthyrningspolicy\/","title":{"rendered":"Uthyrningspolicy"},"content":{"rendered":"\t\t<div data-elementor-type=\"wp-page\" data-elementor-id=\"1466\" class=\"elementor elementor-1466\">\n\t\t\t\t\t\t<div class=\"elementor-inner\">\n\t\t\t\t<div class=\"elementor-section-wrap\">\n\t\t\t\t\t\t\t\t\t<section class=\"elementor-section elementor-top-section elementor-element elementor-element-6886a082 elementor-section-full_width elementor-section-stretched elementor-section-height-default elementor-section-height-default\" data-id=\"6886a082\" data-element_type=\"section\" data-settings=\"{&quot;background_background&quot;:&quot;classic&quot;,&quot;stretch_section&quot;:&quot;section-stretched&quot;}\">\n\t\t\t\t\t\t<div class=\"elementor-container elementor-column-gap-default\">\n\t\t\t\t\t\t\t<div class=\"elementor-row\">\n\t\t\t\t\t<div class=\"elementor-column elementor-col-100 elementor-top-column elementor-element elementor-element-27491c2e\" data-id=\"27491c2e\" data-element_type=\"column\">\n\t\t\t<div class=\"elementor-column-wrap elementor-element-populated\">\n\t\t\t\t\t\t\t<div class=\"elementor-widget-wrap\">\n\t\t\t\t\t\t<section class=\"elementor-section elementor-inner-section elementor-element elementor-element-50e4b0e elementor-section-boxed elementor-section-height-default elementor-section-height-default\" data-id=\"50e4b0e\" data-element_type=\"section\">\n\t\t\t\t\t\t<div class=\"elementor-container elementor-column-gap-default\">\n\t\t\t\t\t\t\t<div class=\"elementor-row\">\n\t\t\t\t\t<div class=\"elementor-column elementor-col-100 elementor-inner-column elementor-element elementor-element-eee6944\" data-id=\"eee6944\" data-element_type=\"column\">\n\t\t\t<div class=\"elementor-column-wrap elementor-element-populated\">\n\t\t\t\t\t\t\t<div class=\"elementor-widget-wrap\">\n\t\t\t\t\t\t<div class=\"elementor-element elementor-element-1d90648 elementor-widget elementor-widget-heading\" data-id=\"1d90648\" data-element_type=\"widget\" data-widget_type=\"heading.default\">\n\t\t\t\t<div class=\"elementor-widget-container\">\n\t\t\t<h2 class=\"elementor-heading-title elementor-size-default\">Jemmett Bostad <span style=\"font-weight:800;\">uthyrningspolicy<\/span> 65+ tryggt boende<\/h2>\t\t<\/div>\n\t\t\t\t<\/div>\n\t\t\t\t<div class=\"elementor-element elementor-element-652bfb6 elementor-widget elementor-widget-text-editor\" data-id=\"652bfb6\" data-element_type=\"widget\" data-widget_type=\"text-editor.default\">\n\t\t\t\t<div class=\"elementor-widget-container\">\n\t\t\t\t\t\t\t\t<div class=\"elementor-text-editor elementor-clearfix\">\n\t\t\t\t<h4>Huvudregel<\/h4>\n\nF\u00f6r att s\u00f6ka l\u00e4genhet m\u00e5ste du vara registrerad p\u00e5 v\u00e5r hemsida <a href=\"https:\/\/jemmett.se\/hoviksnas\">www.jemmett.se\/hoviksnas<\/a>. Det \u00e4r k\u00f6tid som avg\u00f6r vem som f\u00e5r erbjudande av dem som har s\u00f6kt en l\u00e4genhet. Vi erbjuder l\u00e4genhet i v\u00e5rt nybyggda bostadsprojekt ca 5\u20136 m\u00e5nader innan inflyttning. Vid denna tidpunkt ska s\u00f6kande garantera inflyttning vid datum f\u00f6r f\u00e4rdigst\u00e4llda l\u00e4genheter.\t\t\t\t\t<\/div>\n\t\t\t\t\t\t<\/div>\n\t\t\t\t<\/div>\n\t\t\t\t<div class=\"elementor-element elementor-element-3285aa0 elementor-widget elementor-widget-text-editor\" data-id=\"3285aa0\" data-element_type=\"widget\" data-widget_type=\"text-editor.default\">\n\t\t\t\t<div class=\"elementor-widget-container\">\n\t\t\t\t\t\t\t\t<div class=\"elementor-text-editor elementor-clearfix\">\n\t\t\t\t<h4>Grundkrav<\/h4>\nDu ska ha fyllt 65 \u00e5r vid inflyttningstillf\u00e4llet f\u00f6r att f\u00e5 bli tilldelad en l\u00e4genhet. Om ni \u00e4r tv\u00e5 i hush\u00e5llet m\u00e5ste minst en av er ha fyllt 65 \u00e5r. \nDu ska ha ekonomiska f\u00f6ruts\u00e4ttningar f\u00f6r att klara hyran f\u00f6r den s\u00f6kta l\u00e4genheten, det inneb\u00e4r att du skall ha en godtagbar inkomst i f\u00f6rh\u00e5llande till hyran. \nF\u00f6rtydligande kring uthyrningspolicyns grundkrav*\nDu ska ha en g\u00e4llande hemf\u00f6rs\u00e4kring under boendetiden.\nVid f\u00f6rfr\u00e5gan kunna uppge tidigare referenser f\u00f6r eget eller hyrt boende.\n\t\t\t\t\t<\/div>\n\t\t\t\t\t\t<\/div>\n\t\t\t\t<\/div>\n\t\t\t\t<div class=\"elementor-element elementor-element-2335d64 elementor-widget elementor-widget-text-editor\" data-id=\"2335d64\" data-element_type=\"widget\" data-widget_type=\"text-editor.default\">\n\t\t\t\t<div class=\"elementor-widget-container\">\n\t\t\t\t\t\t\t\t<div class=\"elementor-text-editor elementor-clearfix\">\n\t\t\t\t<h4>Bilplatser och gemensamma anl\u00e4ggningar<\/h4>\nSom hyresg\u00e4st hos Jemmett kan du hyra bilplats i det omr\u00e5de d\u00e4r du \u00e4ven hyr din bostad. Jemmett erbjuder \u00e4ven ett gemensamhetspaket\/trygghetspaket d\u00e4r elbilspool ing\u00e5r. I gemensamhetsavgiften ing\u00e5r gemensamhetslokal f\u00f6r samvaro med de andra pension\u00e4rerna i husen, med daglig kaffe som ing\u00e5r. Gemensamhetsavgiften inneb\u00e4r att du \u00e4ven kan boka \u00f6vernattningsl\u00e4genhet, mot en mindre avgift. Avgiften m\u00f6jligg\u00f6r tillg\u00e5ng till boulebanan samt f\u00f6rmedling av odlingslotter.  \t\t\t\t\t<\/div>\n\t\t\t\t\t\t<\/div>\n\t\t\t\t<\/div>\n\t\t\t\t<div class=\"elementor-element elementor-element-ef3945a elementor-widget elementor-widget-text-editor\" data-id=\"ef3945a\" data-element_type=\"widget\" data-widget_type=\"text-editor.default\">\n\t\t\t\t<div class=\"elementor-widget-container\">\n\t\t\t\t\t\t\t\t<div class=\"elementor-text-editor elementor-clearfix\">\n\t\t\t\t<p><em>* Vid uthyrning av l\u00e4genheter d\u00e4r investeringsst\u00f6d l\u00e4mnats och s\u00e5 villkorats skall l\u00e4gre ekonomiska krav g\u00e4lla. F\u00f6r dessa l\u00e4genheter till\u00e4mpas vad ett hush\u00e5ll beh\u00f6ver ha kvar att leva p\u00e5 enligt det av kronofogdemyndigheten fastst\u00e4llda f\u00f6rbeh\u00e5llsbeloppet. F\u00f6rbeh\u00e5llsbeloppet fastst\u00e4lls \u00e5rligen genom Kronofogdemyndighetens f\u00f6reskrifter om best\u00e4mmande av f\u00f6rbeh\u00e5llsbeloppet vid utm\u00e4tning av l\u00f6n m.m. Till disponibla medel inr\u00e4knas \u00e4ven f\u00f6rs\u00f6rjningsst\u00f6d, bostadsbidrag och bostadstill\u00e4gg.<\/em><\/p>\t\t\t\t\t<\/div>\n\t\t\t\t\t\t<\/div>\n\t\t\t\t<\/div>\n\t\t\t\t\t\t<\/div>\n\t\t\t\t\t<\/div>\n\t\t<\/div>\n\t\t\t\t\t\t\t\t<\/div>\n\t\t\t\t\t<\/div>\n\t\t<\/section>\n\t\t\t\t\t\t<\/div>\n\t\t\t\t\t<\/div>\n\t\t<\/div>\n\t\t\t\t\t\t\t\t<\/div>\n\t\t\t\t\t<\/div>\n\t\t<\/section>\n\t\t\t\t\t\t\t\t\t<\/div>\n\t\t\t<\/div>\n\t\t\t\t\t<\/div>\n\t\t","protected":false},"excerpt":{"rendered":"<p>Jemmett Bostad uthyrningspolicy 65+ tryggt boende Huvudregel F\u00f6r att s\u00f6ka l\u00e4genhet m\u00e5ste du vara registrerad p\u00e5 v\u00e5r hemsida www.jemmett.se\/hoviksnas. Det \u00e4r k\u00f6tid som avg\u00f6r vem som f\u00e5r erbjudande av dem som har s\u00f6kt en l\u00e4genhet. Vi erbjuder l\u00e4genhet i v\u00e5rt nybyggda bostadsprojekt ca 5\u20136 m\u00e5nader innan inflyttning. Vid denna tidpunkt ska s\u00f6kande garantera inflyttning vid [&hellip;]<\/p>\n","protected":false},"author":1,"featured_media":0,"parent":0,"menu_order":0,"comment_status":"closed","ping_status":"closed","template":"","meta":[],"acf":[],"_links":{"self":[{"href":"https:\/\/jemmett.se\/hoviksnas\/wp-json\/wp\/v2\/pages\/1466"}],"collection":[{"href":"https:\/\/jemmett.se\/hoviksnas\/wp-json\/wp\/v2\/pages"}],"about":[{"href":"https:\/\/jemmett.se\/hoviksnas\/wp-json\/wp\/v2\/types\/page"}],"author":[{"embeddable":true,"href":"https:\/\/jemmett.se\/hoviksnas\/wp-json\/wp\/v2\/users\/1"}],"replies":[{"embeddable":true,"href":"https:\/\/jemmett.se\/hoviksnas\/wp-json\/wp\/v2\/comments?post=1466"}],"version-history":[{"count":16,"href":"https:\/\/jemmett.se\/hoviksnas\/wp-json\/wp\/v2\/pages\/1466\/revisions"}],"predecessor-version":[{"id":1483,"href":"https:\/\/jemmett.se\/hoviksnas\/wp-json\/wp\/v2\/pages\/1466\/revisions\/1483"}],"wp:attachment":[{"href":"https:\/\/jemmett.se\/hoviksnas\/wp-json\/wp\/v2\/media?parent=1466"}],"curies":[{"name":"wp","href":"https:\/\/api.w.org\/{rel}","templated":true}]}}