{"id":57,"date":"2019-06-19T08:54:05","date_gmt":"2019-06-19T06:54:05","guid":{"rendered":"https:\/\/jupiterx.artbees.net\/automobile\/?page_id=57"},"modified":"2020-05-04T10:47:15","modified_gmt":"2020-05-04T08:47:15","slug":"nyheter","status":"publish","type":"page","link":"https:\/\/jemmett.se\/hoviksnas\/nyheter\/","title":{"rendered":"Nyheter"},"content":{"rendered":"\t\t<div data-elementor-type=\"wp-post\" data-elementor-id=\"57\" class=\"elementor elementor-57\">\n\t\t\t\t\t\t<div class=\"elementor-inner\">\n\t\t\t\t<div class=\"elementor-section-wrap\">\n\t\t\t\t\t\t\t\t\t<section class=\"elementor-section elementor-top-section elementor-element elementor-element-f3a3dea elementor-section-height-min-height elementor-section-boxed elementor-section-height-default elementor-section-items-middle\" data-id=\"f3a3dea\" data-element_type=\"section\" data-settings=\"{&quot;background_background&quot;:&quot;classic&quot;}\">\n\t\t\t\t\t\t<div class=\"elementor-container elementor-column-gap-default\">\n\t\t\t\t\t\t\t<div class=\"elementor-row\">\n\t\t\t\t\t<div class=\"elementor-column elementor-col-100 elementor-top-column elementor-element elementor-element-7b15c9c\" data-id=\"7b15c9c\" data-element_type=\"column\" data-settings=\"{&quot;background_background&quot;:&quot;classic&quot;}\">\n\t\t\t<div class=\"elementor-column-wrap elementor-element-populated\">\n\t\t\t\t\t\t\t<div class=\"elementor-widget-wrap\">\n\t\t\t\t\t\t<div class=\"elementor-element elementor-element-9fd3786 elementor-widget elementor-widget-heading\" data-id=\"9fd3786\" data-element_type=\"widget\" data-widget_type=\"heading.default\">\n\t\t\t\t<div class=\"elementor-widget-container\">\n\t\t\t<h1 class=\"elementor-heading-title elementor-size-default\"><span style=\"font-weight:800;\">Nyheter<\/span> om bostadsprojektet<\/h1>\t\t<\/div>\n\t\t\t\t<\/div>\n\t\t\t\t\t\t<\/div>\n\t\t\t\t\t<\/div>\n\t\t<\/div>\n\t\t\t\t\t\t\t\t<\/div>\n\t\t\t\t\t<\/div>\n\t\t<\/section>\n\t\t\t\t<section class=\"elementor-section elementor-top-section elementor-element elementor-element-0f35864 elementor-section-boxed elementor-section-height-default elementor-section-height-default\" data-id=\"0f35864\" data-element_type=\"section\">\n\t\t\t\t\t\t<div class=\"elementor-container elementor-column-gap-default\">\n\t\t\t\t\t\t\t<div class=\"elementor-row\">\n\t\t\t\t\t<div class=\"elementor-column elementor-col-100 elementor-top-column elementor-element elementor-element-caa6ad4\" data-id=\"caa6ad4\" data-element_type=\"column\">\n\t\t\t<div class=\"elementor-column-wrap elementor-element-populated\">\n\t\t\t\t\t\t\t<div class=\"elementor-widget-wrap\">\n\t\t\t\t\t\t<div class=\"elementor-element elementor-element-6889960 elementor-widget elementor-widget-raven-posts\" data-id=\"6889960\" data-element_type=\"widget\" data-settings=\"{&quot;classic_show_pagination&quot;:&quot;yes&quot;,&quot;_skin&quot;:&quot;classic&quot;,&quot;classic_layout&quot;:&quot;grid&quot;,&quot;classic_columns&quot;:&quot;3&quot;,&quot;classic_columns_tablet&quot;:&quot;2&quot;,&quot;classic_columns_mobile&quot;:&quot;1&quot;,&quot;query_posts_per_page&quot;:6,&quot;classic_pagination_type&quot;:&quot;page_based&quot;,&quot;query_offset&quot;:0}\" data-widget_type=\"raven-posts.classic\">\n\t\t\t\t<div class=\"elementor-widget-container\">\n\t\t\t\t\t<div class=\"raven-posts raven-grid raven-grid-3 raven-grid-tablet-2 raven-grid-mobile-1\" data-post-id=\"57\" data-archive-query=\"\">\n\t\t\t\t<div class=\"raven-grid-item raven-post-item post-1534 post type-post status-publish format-standard has-post-thumbnail hentry category-nyhet\">\n\t\t\t<div class=\"raven-post\">\n\t\t\t\t\t\t<div class=\"raven-post-image-wrap\">\n\t\t\t<a class=\"raven-post-image raven-image-fit\" href=\"https:\/\/jemmett.se\/hoviksnas\/2022\/03\/02\/byggnationen-igang-i-hoviksnas\/\"><img width=\"1024\" height=\"768\" src=\"https:\/\/jemmett.se\/hoviksnas\/wp-content\/uploads\/2022\/03\/image-1024x768.jpeg\" class=\"attachment-large size-large wp-image-1537\" alt=\"\" decoding=\"async\" loading=\"lazy\" srcset=\"https:\/\/jemmett.se\/hoviksnas\/wp-content\/uploads\/2022\/03\/image-1024x768.jpeg 1024w, https:\/\/jemmett.se\/hoviksnas\/wp-content\/uploads\/2022\/03\/image-300x225.jpeg 300w, https:\/\/jemmett.se\/hoviksnas\/wp-content\/uploads\/2022\/03\/image-768x576.jpeg 768w, https:\/\/jemmett.se\/hoviksnas\/wp-content\/uploads\/2022\/03\/image-1536x1152.jpeg 1536w, https:\/\/jemmett.se\/hoviksnas\/wp-content\/uploads\/2022\/03\/image-2048x1536.jpeg 2048w\" sizes=\"(max-width: 1024px) 100vw, 1024px\" \/> <span class=\"raven-post-image-overlay\"><\/span><\/a>\t\t<\/div>\n\t\t\t\t\t\t<div class=\"raven-post-content\">\n\t\t\t\t\t<h3 class=\"raven-post-title\"><a class=\"raven-post-title-link\" href=\"https:\/\/jemmett.se\/hoviksnas\/2022\/03\/02\/byggnationen-igang-i-hoviksnas\/\">Byggnationen ig\u00e5ng i H\u00f6viksn\u00e4s<\/a><\/h3>\t\t<div class=\"raven-post-meta\"><a class=\"raven-post-meta-item raven-post-date\" href=\"https:\/\/jemmett.se\/hoviksnas\/2022\/03\/\" rel=\"bookmark\">2 mars, 2022<\/a><\/div>\n\t\t\t\t<div class=\"raven-post-excerpt\">Nu \u00e4r byggnationen ig\u00e5ng i H\u00f6viksn\u00e4s p\u00e5 Tj\u00f6rn, d\u00e4r Jemmett bygger trygga och klimatsmarta l\u00e4genheter f\u00f6r hyresg\u00e4ster \u00f6ver 65. De f\u00f6rsta markarbetena<\/div>\n\t\t\t\t<div class=\"raven-post-read-more\">\n\t\t\t<a class=\"raven-post-button\" href=\"https:\/\/jemmett.se\/hoviksnas\/2022\/03\/02\/byggnationen-igang-i-hoviksnas\/\"><span class=\"raven-post-button-text\">L\u00e4s mer<\/span><\/a>\n\t\t<\/div>\n\t\t\t\t\t\t<\/div>\n\t\t\t<\/div>\n\t\t<\/div>\n\t\t\t\t<div class=\"raven-grid-item raven-post-item post-230 post type-post status-publish format-standard hentry category-pressrelease\">\n\t\t\t<div class=\"raven-post\">\n\t\t\t\t\t\t\t\t<div class=\"raven-post-content\">\n\t\t\t\t\t<h3 class=\"raven-post-title\"><a class=\"raven-post-title-link\" href=\"https:\/\/jemmett.se\/hoviksnas\/2020\/05\/02\/inflyttning-i-hallbara-hyresratter-for-65-skjuts-fram\/\">Inflyttning i h\u00e5llbara hyresr\u00e4tter f\u00f6r 65+ skjuts fram<\/a><\/h3>\t\t<div class=\"raven-post-meta\"><a class=\"raven-post-meta-item raven-post-date\" href=\"https:\/\/jemmett.se\/hoviksnas\/2020\/05\/\" rel=\"bookmark\">2 maj, 2020<\/a><\/div>\n\t\t\t\t<div class=\"raven-post-excerpt\">Bostadsutvecklingsf\u00f6retaget Jemmett AB har beviljats bygglov f\u00f6r 16 hyresl\u00e4genheter i H\u00f6viksn\u00e4s p\u00e5 Tj\u00f6rn. Ans\u00f6kan om bygglov f\u00f6r ytterligare tolv l\u00e4genheter i anslutning<\/div>\n\t\t\t\t<div class=\"raven-post-read-more\">\n\t\t\t<a class=\"raven-post-button\" href=\"https:\/\/jemmett.se\/hoviksnas\/2020\/05\/02\/inflyttning-i-hallbara-hyresratter-for-65-skjuts-fram\/\"><span class=\"raven-post-button-text\">L\u00e4s mer<\/span><\/a>\n\t\t<\/div>\n\t\t\t\t\t\t<\/div>\n\t\t\t<\/div>\n\t\t<\/div>\n\t\t\t\t<\/div>\n\t\t\t\t<\/div>\n\t\t\t\t<\/div>\n\t\t\t\t\t\t<\/div>\n\t\t\t\t\t<\/div>\n\t\t<\/div>\n\t\t\t\t\t\t\t\t<\/div>\n\t\t\t\t\t<\/div>\n\t\t<\/section>\n\t\t\t\t\t\t\t\t\t<\/div>\n\t\t\t<\/div>\n\t\t\t\t\t<\/div>\n\t\t","protected":false},"excerpt":{"rendered":"<p>Nyheter om bostadsprojektet Inflyttning i h\u00e5llbara hyresr\u00e4tter f\u00f6r 65+ skjuts fram 2 maj, 2020 Bostadsutvecklingsf\u00f6retaget Jemmett AB har beviljats bygglov f\u00f6r 16 hyresl\u00e4genheter i H\u00f6viksn\u00e4s p\u00e5 Tj\u00f6rn. Ans\u00f6kan om bygglov f\u00f6r ytterligare tolv l\u00e4genheter i anslutning L\u00e4s mer<\/p>\n","protected":false},"author":1,"featured_media":0,"parent":0,"menu_order":0,"comment_status":"closed","ping_status":"closed","template":"full-width.php","meta":[],"acf":[],"_links":{"self":[{"href":"https:\/\/jemmett.se\/hoviksnas\/wp-json\/wp\/v2\/pages\/57"}],"collection":[{"href":"https:\/\/jemmett.se\/hoviksnas\/wp-json\/wp\/v2\/pages"}],"about":[{"href":"https:\/\/jemmett.se\/hoviksnas\/wp-json\/wp\/v2\/types\/page"}],"author":[{"embeddable":true,"href":"https:\/\/jemmett.se\/hoviksnas\/wp-json\/wp\/v2\/users\/1"}],"replies":[{"embeddable":true,"href":"https:\/\/jemmett.se\/hoviksnas\/wp-json\/wp\/v2\/comments?post=57"}],"version-history":[{"count":19,"href":"https:\/\/jemmett.se\/hoviksnas\/wp-json\/wp\/v2\/pages\/57\/revisions"}],"predecessor-version":[{"id":1426,"href":"https:\/\/jemmett.se\/hoviksnas\/wp-json\/wp\/v2\/pages\/57\/revisions\/1426"}],"wp:attachment":[{"href":"https:\/\/jemmett.se\/hoviksnas\/wp-json\/wp\/v2\/media?parent=57"}],"curies":[{"name":"wp","href":"https:\/\/api.w.org\/{rel}","templated":true}]}}